{"id":205,"date":"2023-02-24T14:12:35","date_gmt":"2023-02-24T13:12:35","guid":{"rendered":"https:\/\/fakepenal.umh.es\/?page_id=205"},"modified":"2026-02-17T12:00:27","modified_gmt":"2026-02-17T11:00:27","slug":"fakepenal","status":"publish","type":"page","link":"https:\/\/fakepenal.umh.es\/en\/fakepenal\/","title":{"rendered":"<span lang=\"es\">(Espa\u00f1ol) #FAKEPENAL<\/span>"},"content":{"rendered":"<p>[et_pb_section fb_built=&#8221;1&#8243; fullwidth=&#8221;on&#8221; disabled_on=&#8221;on|on|on&#8221; _builder_version=&#8221;4.17.4&#8243; _module_preset=&#8221;default&#8221; background_color=&#8221;#e30613&#8243; disabled=&#8221;on&#8221; global_colors_info=&#8221;{}&#8221;][et_pb_fullwidth_image _builder_version=&#8221;4.17.4&#8243; _module_preset=&#8221;default&#8221; global_colors_info=&#8221;{}&#8221;][\/et_pb_fullwidth_image][\/et_pb_section][et_pb_section fb_built=&#8221;1&#8243; _builder_version=&#8221;4.17.4&#8243; _module_preset=&#8221;default&#8221; global_colors_info=&#8221;{}&#8221; custom_padding=&#8221;15px||3px|||&#8221;][et_pb_row admin_label=&#8221;Fila&#8221; _builder_version=&#8221;4.17.4&#8243; _module_preset=&#8221;default&#8221; hover_enabled=&#8221;0&#8243; global_colors_info=&#8221;{}&#8221; column_structure=&#8221;3_5,2_5&#8243; custom_padding=&#8221;13px||10px|||&#8221; sticky_enabled=&#8221;0&#8243;][et_pb_column type=&#8221;3_5&#8243; _builder_version=&#8221;4.17.4&#8243; _module_preset=&#8221;default&#8221; global_colors_info=&#8221;{}&#8221;][et_pb_text admin_label=&#8221;Texto&#8221; _builder_version=&#8221;4.17.4&#8243; _module_preset=&#8221;default&#8221; header_font=&#8221;|700|||||||&#8221; header_text_color=&#8221;#000000&#8243; global_colors_info=&#8221;{}&#8221;]<\/p>\n<h1>#FAKEPENAL<\/h1>\n<p>El proyecto #FakePenal pretende aproximarse al impacto que, en legisladores y jueces, ha tenido la transformaci\u00f3n del debate p\u00fablico y medi\u00e1tico en torno al Derecho penal a partir de la popularizaci\u00f3n de las redes sociales. El objetivo es analizar el impacto en la pol\u00edtica criminal donde la desinformaci\u00f3n y la polarizaci\u00f3n juegan un papel importante en los \u00faltimos tiempos y en un momento en el que se sigue debatiendo sobre la necesidad, posibilidad y riesgos del aumento de la participaci\u00f3n popular en la creaci\u00f3n del Derecho penal.<\/p>\n<p>En este sentido, sus <strong>objetivos generales <\/strong>son los siguientes:<\/p>\n<ol>\n<li>Explorar y analizar, desde una perspectiva multidisciplinar que fusiones las modernas tendencias cient\u00edfico-sociales con las jur\u00eddico-penales, el impacto de la opini\u00f3n p\u00fablica penal generada y transformada en las redes sociales en la pol\u00edtica legislativa penal y en las decisiones judiciales.<\/li>\n<li>Incorporar, al debate sobre la democratizaci\u00f3n del Derecho penal, una perspectiva realista que reconozca el riesgo de una opini\u00f3n p\u00fablica m\u00e1s simplificada, polarizada y desinformada, pero tambi\u00e9n busque mecanismos de informaci\u00f3n y deliberaci\u00f3n que acerquen la preferencia ciudadana a un sistema penal m\u00e1s garantista y menos punitivo.<\/li>\n<\/ol>\n<p>[\/et_pb_text][\/et_pb_column][et_pb_column type=&#8221;2_5&#8243; _builder_version=&#8221;4.17.4&#8243; _module_preset=&#8221;default&#8221; global_colors_info=&#8221;{}&#8221;][et_pb_slider _builder_version=&#8221;4.17.4&#8243; _module_preset=&#8221;default&#8221; hover_enabled=&#8221;0&#8243; sticky_enabled=&#8221;0&#8243; min_height=&#8221;380.8px&#8221; custom_margin=&#8221;41px||4px|||&#8221;][et_pb_slide heading=&#8221;Resultados del proyecto&#8221; button_text=&#8221;Publicaciones&#8221; _builder_version=&#8221;4.17.4&#8243; _module_preset=&#8221;default&#8221; hover_enabled=&#8221;0&#8243; sticky_enabled=&#8221;0&#8243; button_link=&#8221;https:\/\/fakepenal.umh.es\/publicaciones\/&#8221;]<\/p>\n<p>Accede a los principales resultados del proyectos. Consulta los art\u00edculos cient\u00edficos, libros y cap\u00edtulos de libros.<\/p>\n<p>[\/et_pb_slide][et_pb_slide heading=&#8221;Conoce nuestro equipo&#8221; button_text=&#8221;Equipo&#8221; _builder_version=&#8221;4.17.4&#8243; _module_preset=&#8221;default&#8221; background_color=&#8221;#474747&#8243; background_enable_color=&#8221;on&#8221; hover_enabled=&#8221;0&#8243; sticky_enabled=&#8221;0&#8243; button_link=&#8221;https:\/\/fakepenal.umh.es\/equipo\/&#8221;]<\/p>\n<p>Descubre a todos los investigadores e investigadoras que han trabajado en este proyecto<\/p>\n<p>[\/et_pb_slide][et_pb_slide heading=&#8221;Pr\u00f3ximo evento&#8221; button_text=&#8221;Congreso&#8221; _builder_version=&#8221;4.17.4&#8243; _module_preset=&#8221;default&#8221; hover_enabled=&#8221;0&#8243; sticky_enabled=&#8221;0&#8243; title_text=&#8221;Copia de CONGRESO FAKE PENAL (Post de Instagram (45)) (1)&#8221; background_image=&#8221;https:\/\/fakepenal.umh.es\/files\/2026\/02\/Copia-de-CONGRESO-FAKE-PENAL-Post-de-Instagram-45-1-e1770990690502.png&#8221; background_enable_image=&#8221;on&#8221; background_blend=&#8221;multiply&#8221; background_color=&#8221;rgba(71,71,71,0.69)&#8221; background_enable_color=&#8221;on&#8221; button_link=&#8221;https:\/\/fakepenal.umh.es\/congreso\/&#8221;]<\/p>\n<h3><strong><\/strong><\/h3>\n<h3><strong>DERECHO PENAL EN STREAMING:<\/strong><\/h3>\n<h3>Opini\u00f3n p\u00fablica y democratizaci\u00f3n penal en tiempos de redes sociales<\/h3>\n<p>[\/et_pb_slide][\/et_pb_slider][\/et_pb_column][\/et_pb_row][et_pb_row _builder_version=&#8221;4.17.4&#8243; _module_preset=&#8221;default&#8221; column_structure=&#8221;1_3,1_3,1_3&#8243; min_height=&#8221;650px&#8221; custom_padding=&#8221;||2px|||&#8221;][et_pb_column _builder_version=&#8221;4.17.4&#8243; _module_preset=&#8221;default&#8221; type=&#8221;1_3&#8243;][et_pb_text _builder_version=&#8221;4.17.4&#8243; _module_preset=&#8221;default&#8221; hover_enabled=&#8221;0&#8243; sticky_enabled=&#8221;0&#8243; border_color_bottom=&#8221;#E02B20&#8243; border_width_bottom=&#8221;3px&#8221;]<\/p>\n<h1 style=\"text-align: center\"><strong>EVENTOS<\/strong><\/h1>\n<p>[\/et_pb_text][et_pb_post_slider _builder_version=&#8221;4.17.4&#8243; _module_preset=&#8221;default&#8221; hover_enabled=&#8221;0&#8243; sticky_enabled=&#8221;0&#8243; excerpt_length=&#8221;100&#8243; show_meta=&#8221;off&#8221;][\/et_pb_post_slider][\/et_pb_column][et_pb_column _builder_version=&#8221;4.17.4&#8243; _module_preset=&#8221;default&#8221; type=&#8221;1_3&#8243;][et_pb_text _builder_version=&#8221;4.17.4&#8243; _module_preset=&#8221;default&#8221; hover_enabled=&#8221;0&#8243; sticky_enabled=&#8221;0&#8243; border_color_bottom=&#8221;#E02B20&#8243; border_width_bottom=&#8221;3px&#8221;]<\/p>\n<h1 style=\"text-align: center\"><strong>ART\u00cdCULOS<\/strong><\/h1>\n<p>[\/et_pb_text][et_pb_blog _builder_version=&#8221;4.17.4&#8243; _module_preset=&#8221;default&#8221; post_type=&#8221;articulo&#8221; use_manual_excerpt=&#8221;off&#8221; posts_number=&#8221;1&#8243; hover_enabled=&#8221;0&#8243; sticky_enabled=&#8221;0&#8243; show_author=&#8221;off&#8221; show_date=&#8221;off&#8221; show_categories=&#8221;off&#8221; show_more=&#8221;on&#8221; show_excerpt=&#8221;off&#8221; show_pagination=&#8221;off&#8221; custom_margin=&#8221;||-4px|||&#8221;][\/et_pb_blog][\/et_pb_column][et_pb_column _builder_version=&#8221;4.17.4&#8243; _module_preset=&#8221;default&#8221; type=&#8221;1_3&#8243;][et_pb_text _builder_version=&#8221;4.17.4&#8243; _module_preset=&#8221;default&#8221; hover_enabled=&#8221;0&#8243; sticky_enabled=&#8221;0&#8243; border_color_bottom=&#8221;#E02B20&#8243; border_width_bottom=&#8221;3px&#8221;]<\/p>\n<h1 style=\"text-align: center\"><strong>REDES SOCIALES<\/strong><\/h1>\n<p>[\/et_pb_text][et_pb_text _builder_version=&#8221;4.17.4&#8243; _module_preset=&#8221;default&#8221; hover_enabled=&#8221;0&#8243; sticky_enabled=&#8221;0&#8243; custom_margin=&#8221;||-1px|||&#8221;]<\/p>\n<h3 style=\"text-align: center\"><strong>@FakePenal<\/strong><\/h3>\n<p>[\/et_pb_text][et_pb_image src=&#8221;https:\/\/fakepenal.umh.es\/files\/2026\/02\/Captura-de-pantalla-2026-02-17-113622-e1771324638841-150&#215;150.png&#8221; _builder_version=&#8221;4.17.4&#8243; _module_preset=&#8221;default&#8221; title_text=&#8221;Captura de pantalla 2026-02-17 113622&#8243; hover_enabled=&#8221;0&#8243; sticky_enabled=&#8221;0&#8243; custom_padding=&#8221;||0px|||&#8221; url_new_window=&#8221;on&#8221; url=&#8221;https:\/\/www.instagram.com\/fakepenal\/?hl=es&#8221; custom_margin=&#8221;7px||1px|||&#8221; align=&#8221;center&#8221;][\/et_pb_image][et_pb_text _builder_version=&#8221;4.17.4&#8243; _module_preset=&#8221;default&#8221; hover_enabled=&#8221;0&#8243; sticky_enabled=&#8221;0&#8243; custom_margin=&#8221;15px||-3px|||&#8221;]<\/p>\n<h3 style=\"text-align: center\"><strong>@CriminaUMH<\/strong><\/h3>\n<p>[\/et_pb_text][et_pb_image _builder_version=&#8221;4.17.4&#8243; _module_preset=&#8221;default&#8221; title_text=&#8221;Captura de pantalla 2026-02-17 113827&#8243; hover_enabled=&#8221;0&#8243; sticky_enabled=&#8221;0&#8243; src=&#8221;https:\/\/fakepenal.umh.es\/files\/2026\/02\/Captura-de-pantalla-2026-02-17-113827-e1771324754710-150&#215;150.png&#8221; custom_padding=&#8221;0px|||||&#8221; url_new_window=&#8221;on&#8221; url=&#8221;https:\/\/www.instagram.com\/criminaumh\/?hl=es&#8221; custom_margin=&#8221;4px|||||&#8221; align=&#8221;center&#8221;][\/et_pb_image][\/et_pb_column][\/et_pb_row][\/et_pb_section]<\/p>\n","protected":false},"excerpt":{"rendered":"<p>#FAKEPENAL El proyecto #FakePenal pretende aproximarse al impacto que, en legisladores y jueces, ha tenido la transformaci\u00f3n del debate p\u00fablico y medi\u00e1tico en torno al Derecho penal a partir de la popularizaci\u00f3n de las redes sociales. El objetivo es analizar el impacto en la pol\u00edtica criminal donde la desinformaci\u00f3n y la polarizaci\u00f3n juegan un papel [&hellip;]<\/p>\n","protected":false},"author":23459,"featured_media":0,"parent":0,"menu_order":0,"comment_status":"closed","ping_status":"closed","template":"","meta":{"_et_pb_use_builder":"on","_et_pb_old_content":"","_et_gb_content_width":"","_links_to":"","_links_to_target":""},"_links":{"self":[{"href":"https:\/\/fakepenal.umh.es\/en\/wp-json\/wp\/v2\/pages\/205"}],"collection":[{"href":"https:\/\/fakepenal.umh.es\/en\/wp-json\/wp\/v2\/pages"}],"about":[{"href":"https:\/\/fakepenal.umh.es\/en\/wp-json\/wp\/v2\/types\/page"}],"author":[{"embeddable":true,"href":"https:\/\/fakepenal.umh.es\/en\/wp-json\/wp\/v2\/users\/23459"}],"replies":[{"embeddable":true,"href":"https:\/\/fakepenal.umh.es\/en\/wp-json\/wp\/v2\/comments?post=205"}],"version-history":[{"count":0,"href":"https:\/\/fakepenal.umh.es\/en\/wp-json\/wp\/v2\/pages\/205\/revisions"}],"wp:attachment":[{"href":"https:\/\/fakepenal.umh.es\/en\/wp-json\/wp\/v2\/media?parent=205"}],"curies":[{"name":"wp","href":"https:\/\/api.w.org\/{rel}","templated":true}]}}