{"id":16,"date":"2023-02-10T11:25:56","date_gmt":"2023-02-10T11:25:56","guid":{"rendered":"https:\/\/fakepenal.zeus.umh.es\/?page_id=16"},"modified":"2026-02-17T12:11:32","modified_gmt":"2026-02-17T11:11:32","slug":"home","status":"publish","type":"page","link":"https:\/\/fakepenal.umh.es\/en\/","title":{"rendered":"Home"},"content":{"rendered":"<p>[et_pb_section fb_built=&#8221;1&#8243; fullwidth=&#8221;on&#8221; _builder_version=&#8221;4.17.4&#8243; _module_preset=&#8221;default&#8221; global_colors_info=&#8221;{}&#8221;][et_pb_fullwidth_image src=&#8221;https:\/\/fakepenal.umh.es\/files\/2023\/10\/portada_twiter_1024x280.png&#8221; title_text=&#8221;portada_twiter_1024x280&#8243; _builder_version=&#8221;4.17.4&#8243; _module_preset=&#8221;default&#8221; global_colors_info=&#8221;{}&#8221; custom_padding=&#8221;0px||0px|||&#8221;][\/et_pb_fullwidth_image][\/et_pb_section][et_pb_section fb_built=&#8221;1&#8243; theme_builder_area=&#8221;post_content&#8221; _builder_version=&#8221;4.17.4&#8243; _module_preset=&#8221;default&#8221; custom_padding=&#8221;||20px|||&#8221;][et_pb_row _builder_version=&#8221;4.17.4&#8243; _module_preset=&#8221;default&#8221; column_structure=&#8221;1_2,1_2&#8243; theme_builder_area=&#8221;post_content&#8221; custom_margin=&#8221;-29px|auto||auto||&#8221; custom_padding=&#8221;||41px|||&#8221;][et_pb_column _builder_version=&#8221;4.17.4&#8243; _module_preset=&#8221;default&#8221; type=&#8221;1_2&#8243; theme_builder_area=&#8221;post_content&#8221;][et_pb_text admin_label=&#8221;Texto&#8221; _builder_version=&#8221;4.17.4&#8243; _module_preset=&#8221;default&#8221; text_font=&#8221;||||||||&#8221; header_font=&#8221;|700|||||||&#8221; header_text_color=&#8221;#000000&#8243; width=&#8221;100%&#8221; min_height=&#8221;193.4px&#8221; custom_margin=&#8221;|-40px||||&#8221; custom_padding=&#8221;||14px|||&#8221; global_colors_info=&#8221;{}&#8221; theme_builder_area=&#8221;post_content&#8221;]<\/p>\n<p style=\"text-align: left\"><strong><\/strong><\/p>\n<p><span style=\"font-size: small\"><strong><\/strong><\/span><\/p>\n<p><span style=\"font-size: small\"><strong>#FakePenal: Impacto de la \u201ctuiterizaci\u00f3n\u201d de la opini\u00f3n p\u00fablica sobre el Derecho penal y consecuencias para el debate en torno a su democratizaci\u00f3n<\/strong> (<strong><span style=\"font-weight: 400\">I+D+i PID2021-125730OB-I00), es un proyecto financiado por MICIU\/AEI\/10.13039\/501100011033 y por FEDER Una manera de hacer Europa. El investigador principal de este proyecto es el catedr\u00e1tico de Derecho penal de la Universidad Miguel Hern\u00e1ndez, D. Fernando Mir\u00f3 Llinares.<\/span><\/strong><\/span><\/p>\n<p>[\/et_pb_text][\/et_pb_column][et_pb_column _builder_version=&#8221;4.17.4&#8243; _module_preset=&#8221;default&#8221; type=&#8221;1_2&#8243; theme_builder_area=&#8221;post_content&#8221;][et_pb_image src=&#8221;https:\/\/fakepenal.umh.es\/files\/2025\/11\/2oCGpqVQOCK2FaBnJremeovCuhd-1-1.svg&#8221; title_text=&#8221;2oCGpqVQOCK2FaBnJremeovCuhd (1)&#8221; align=&#8221;center&#8221; _builder_version=&#8221;4.17.4&#8243; _module_preset=&#8221;default&#8221; custom_margin=&#8221;|||5px||&#8221; custom_padding=&#8221;|||1px||&#8221; global_colors_info=&#8221;{}&#8221; theme_builder_area=&#8221;post_content&#8221;][\/et_pb_image][et_pb_image src=&#8221;https:\/\/fakepenal.umh.es\/files\/2025\/11\/NuevoMicin-CofinanciadoUE-Aei-scaled.jpg&#8221; title_text=&#8221;NuevoMicin-CofinanciadoUE-Aei&#8221; align=&#8221;center&#8221; _builder_version=&#8221;4.17.4&#8243; _module_preset=&#8221;default&#8221; width=&#8221;93.2%&#8221; custom_padding=&#8221;|||10px||&#8221; global_colors_info=&#8221;{}&#8221; theme_builder_area=&#8221;post_content&#8221;][\/et_pb_image][\/et_pb_column][\/et_pb_row][et_pb_row column_structure=&#8221;1_2,1_2&#8243; _builder_version=&#8221;4.17.4&#8243; _module_preset=&#8221;default&#8221; custom_padding=&#8221;3px|||||&#8221; global_colors_info=&#8221;{}&#8221; theme_builder_area=&#8221;post_content&#8221;][et_pb_column type=&#8221;1_2&#8243; _builder_version=&#8221;4.17.4&#8243; _module_preset=&#8221;default&#8221; global_colors_info=&#8221;{}&#8221; theme_builder_area=&#8221;post_content&#8221;][et_pb_button button_url=&#8221;https:\/\/fakepenal.umh.es\/equipo\/&#8221; button_text=&#8221;EQUIPO&#8221; button_alignment=&#8221;center&#8221; _builder_version=&#8221;4.17.4&#8243; _module_preset=&#8221;default&#8221; custom_button=&#8221;on&#8221; button_text_color=&#8221;#E02B20&#8243; custom_margin=&#8221;|||2px||&#8221; global_colors_info=&#8221;{}&#8221; theme_builder_area=&#8221;post_content&#8221;][\/et_pb_button][\/et_pb_column][et_pb_column type=&#8221;1_2&#8243; _builder_version=&#8221;4.17.4&#8243; _module_preset=&#8221;default&#8221; global_colors_info=&#8221;{}&#8221; theme_builder_area=&#8221;post_content&#8221;][et_pb_button button_url=&#8221;https:\/\/fakepenal.umh.es\/fakepenal\/&#8221; button_text=&#8221;#FAKEPENAL&#8221; button_alignment=&#8221;center&#8221; _builder_version=&#8221;4.17.4&#8243; _module_preset=&#8221;default&#8221; custom_button=&#8221;on&#8221; button_text_color=&#8221;#E02B20&#8243; global_colors_info=&#8221;{}&#8221; theme_builder_area=&#8221;post_content&#8221;][\/et_pb_button][\/et_pb_column][\/et_pb_row][\/et_pb_section]<\/p>\n","protected":false},"excerpt":{"rendered":"<p>#FakePenal: Impacto de la \u201ctuiterizaci\u00f3n\u201d de la opini\u00f3n p\u00fablica sobre el Derecho penal y consecuencias para el debate en torno a su democratizaci\u00f3n (I+D+i PID2021-125730OB-I00), es un proyecto financiado por MICIU\/AEI\/10.13039\/501100011033 y por FEDER Una manera de hacer Europa. El investigador principal de este proyecto es el catedr\u00e1tico de Derecho penal de la Universidad Miguel [&hellip;]<\/p>\n","protected":false},"author":90,"featured_media":0,"parent":0,"menu_order":0,"comment_status":"closed","ping_status":"closed","template":"","meta":{"_et_pb_use_builder":"on","_et_pb_old_content":"<p class=\"qtranxs-available-languages-message qtranxs-available-languages-message-es\">Disculpa, pero esta entrada est\u00e1 disponible s\u00f3lo en <a class=\"qtranxs-available-language-link qtranxs-available-language-link-ca\" title=\"Valenci\u00e0\" href=\"https:\/\/fakepenal.umh.es\/ca\/?et_fb=1&et_bfb=1&PageSpeed=off\">Catal\u00e1n<\/a> y <a class=\"qtranxs-available-language-link qtranxs-available-language-link-en\" title=\"English\" href=\"https:\/\/fakepenal.umh.es\/en\/?et_fb=1&et_bfb=1&PageSpeed=off\">Ingl\u00e9s Estadounidense<\/a>.<\/p>","_et_gb_content_width":"","_links_to":"","_links_to_target":""},"_links":{"self":[{"href":"https:\/\/fakepenal.umh.es\/en\/wp-json\/wp\/v2\/pages\/16"}],"collection":[{"href":"https:\/\/fakepenal.umh.es\/en\/wp-json\/wp\/v2\/pages"}],"about":[{"href":"https:\/\/fakepenal.umh.es\/en\/wp-json\/wp\/v2\/types\/page"}],"author":[{"embeddable":true,"href":"https:\/\/fakepenal.umh.es\/en\/wp-json\/wp\/v2\/users\/90"}],"replies":[{"embeddable":true,"href":"https:\/\/fakepenal.umh.es\/en\/wp-json\/wp\/v2\/comments?post=16"}],"version-history":[{"count":0,"href":"https:\/\/fakepenal.umh.es\/en\/wp-json\/wp\/v2\/pages\/16\/revisions"}],"wp:attachment":[{"href":"https:\/\/fakepenal.umh.es\/en\/wp-json\/wp\/v2\/media?parent=16"}],"curies":[{"name":"wp","href":"https:\/\/api.w.org\/{rel}","templated":true}]}}