{"id":1294,"date":"2025-11-28T18:07:10","date_gmt":"2025-11-28T17:07:10","guid":{"rendered":"https:\/\/fakepenal.umh.es\/?page_id=1294"},"modified":"2026-02-13T15:13:23","modified_gmt":"2026-02-13T14:13:23","slug":"libros_2","status":"publish","type":"page","link":"https:\/\/fakepenal.umh.es\/ca\/libros_2\/","title":{"rendered":"<span lang=\"es\">(Espa\u00f1ol) Libros_2<\/span>"},"content":{"rendered":"<p>[et_pb_section fb_built=&#8221;1&#8243; _builder_version=&#8221;4.17.4&#8243; _module_preset=&#8221;default&#8221; background_image=&#8221;https:\/\/fakepenal.umh.es\/files\/2025\/11\/Copia-de-FAKE-PENAL-Poster-e1764329749489.png&#8221; background_position=&#8221;top_center&#8221; background_vertical_offset=&#8221;52%&#8221; background_blend=&#8221;darken&#8221; global_colors_info=&#8221;{}&#8221;][et_pb_row _builder_version=&#8221;4.17.4&#8243; _module_preset=&#8221;default&#8221; background_color=&#8221;RGBA(255,255,255,0)&#8221; global_colors_info=&#8221;{}&#8221;][et_pb_column type=&#8221;4_4&#8243; _builder_version=&#8221;4.17.4&#8243; _module_preset=&#8221;default&#8221; global_colors_info=&#8221;{}&#8221;][et_pb_text _builder_version=&#8221;4.17.4&#8243; _module_preset=&#8221;default&#8221; text_font=&#8221;Lato||||||||&#8221; text_text_color=&#8221;#FFFFFF&#8221; text_font_size=&#8221;70px&#8221; header_font=&#8221;Lato||||||||&#8221; header_text_color=&#8221;#FFFFFF&#8221; header_font_size=&#8221;88px&#8221; custom_padding=&#8221;0px|||||&#8221; global_colors_info=&#8221;{}&#8221;]<\/p>\n<h1 class=\"et_pb_module_header et-fb-editable-element et-fb-editable-element__editing\" data-shortcode-id=\"0.0-1764332817598\" data-quickaccess-id=\"title\">LIBROS<\/h1>\n<p>[\/et_pb_text][\/et_pb_column][\/et_pb_row][\/et_pb_section][et_pb_section fb_built=&#8221;1&#8243; admin_label=&#8221;Quote Section&#8221; _builder_version=&#8221;4.17.4&#8243; _module_preset=&#8221;default&#8221; min_height=&#8221;515.8px&#8221; custom_margin=&#8221;1px|||||&#8221; custom_padding=&#8221;19px|0px|0px|0px||&#8221; border_color_all=&#8221;#E02B20&#8243; border_width_right=&#8221;2vw&#8221; global_colors_info=&#8221;{}&#8221;][et_pb_row column_structure=&#8221;1_2,1_2&#8243; make_equal=&#8221;on&#8221; _builder_version=&#8221;4.17.4&#8243; _module_preset=&#8221;default&#8221; background_enable_image=&#8221;off&#8221; background_size=&#8221;initial&#8221; background_position=&#8221;bottom_left&#8221; custom_padding=&#8221;30px|||||&#8221; global_colors_info=&#8221;{}&#8221;][et_pb_column type=&#8221;1_2&#8243; _builder_version=&#8221;4.17.4&#8243; _module_preset=&#8221;default&#8221; background_image=&#8221;https:\/\/fakepenal.umh.es\/files\/2025\/11\/9788413643342.jpg&#8221; background_position=&#8221;bottom_right&#8221; background_vertical_offset=&#8221;82%&#8221; background_repeat=&#8221;repeat&#8221; link_option_url=&#8221;https:\/\/www.trotta.es\/libros\/los-medios-del-derecho-penal\/9788413643342\/&#8221; link_option_url_new_window=&#8221;on&#8221; global_colors_info=&#8221;{}&#8221;][et_pb_text _builder_version=&#8221;4.17.4&#8243; _module_preset=&#8221;default&#8221; text_font=&#8221;Lato||||||||&#8221; text_text_color=&#8221;rgba(0,0,0,0)&#8221; text_font_size=&#8221;18px&#8221; text_line_height=&#8221;2.1em&#8221; header_font=&#8221;||||||||&#8221; header_3_font=&#8221;Didact Gothic||||||||&#8221; header_3_font_size=&#8221;24px&#8221; header_3_line_height=&#8221;1.4em&#8221; background_enable_image=&#8221;off&#8221; background_size=&#8221;contain&#8221; background_layout=&#8221;dark&#8221; max_width_tablet=&#8221;&#8221; max_width_phone=&#8221;100%&#8221; max_width_last_edited=&#8221;on|desktop&#8221; module_alignment=&#8221;right&#8221; min_height=&#8221;407px&#8221; custom_margin=&#8221;||1px|||&#8221; custom_margin_phone=&#8221;|||0px&#8221; custom_margin_last_edited=&#8221;off|desktop&#8221; custom_padding=&#8221;207px|40px|0px|40px|false|true&#8221; custom_padding_tablet=&#8221;80px||&#8221; custom_padding_phone=&#8221;&#8221; custom_padding_last_edited=&#8221;on|desktop&#8221; animation_style=&#8221;zoom&#8221; animation_delay=&#8221;100ms&#8221; animation_intensity_zoom=&#8221;4%&#8221; link_option_url_new_window=&#8221;on&#8221; box_shadow_style=&#8221;preset3&#8243; box_shadow_vertical=&#8221;20px&#8221; box_shadow_blur=&#8221;45px&#8221; box_shadow_spread=&#8221;-15px&#8221; box_shadow_color=&#8221;rgba(0,0,0,0.5)&#8221; global_colors_info=&#8221;{}&#8221; text_text_color__hover_enabled=&#8221;on|hover&#8221; text_text_color__hover=&#8221;#ffffff&#8221; custom_padding__hover_enabled=&#8221;on|desktop&#8221; custom_padding__hover=&#8221;60px||60px||true|false&#8221; box_shadow_blur__hover_enabled=&#8221;on&#8221; box_shadow_blur__hover=&#8221;105px&#8221; box_shadow_vertical__hover_enabled=&#8221;on&#8221; box_shadow_vertical__hover=&#8221;32px&#8221; background__hover_enabled=&#8221;on|hover&#8221; use_background_color_gradient__hover=&#8221;on&#8221; background_color_gradient_stops__hover=&#8221;rgba(10,4,4,0.53) 0%|#242424 52%|#474747 99%&#8221;]<\/p>\n<p style=\"text-align: center\">\n<p style=\"text-align: center\">\n<p style=\"text-align: center\">\n<p style=\"text-align: center\">Cig\u00fcela Sola, J. (2025). <strong>Los medios del derecho penal: Pol\u00edtica, castigo y discurso penal en la era digital<\/strong>. Editorial Trotta.<\/p>\n<p>[\/et_pb_text][\/et_pb_column][et_pb_column type=&#8221;1_2&#8243; _builder_version=&#8221;4.17.4&#8243; _module_preset=&#8221;default&#8221; global_colors_info=&#8221;{}&#8221;][et_pb_text _builder_version=&#8221;4.17.4&#8243; _module_preset=&#8221;default&#8221; global_colors_info=&#8221;{}&#8221;]<\/p>\n<h4><strong>Los medios del derecho penal<\/strong><br \/><strong>Pol\u00edtica, castigo y discurso penal en la era digital<\/strong><\/h4>\n<p><strong><\/strong><\/p>\n<p>Esta obra ofrece una lectura de la evoluci\u00f3n del derecho penal desde la \u00f3ptica de la teor\u00eda de medios y el an\u00e1lisis sociocultural. Examina el modo en que la sucesi\u00f3n de las diferentes constelaciones medi\u00e1ticas, de la oralidad a las redes digitales, ha ido moldeando las pr\u00e1cticas y el concepto mismo de justicia. Adem\u00e1s, sostiene que buena parte de las crisis del derecho penal contempor\u00e1neo est\u00e1n conectadas a la influencia de los medios audiovisuales en nuestra imaginaci\u00f3n penal. Fen\u00f3menos como el punitivismo, el deterioro de la discusi\u00f3n pol\u00edtico-criminal, el auge de la estigmatizaci\u00f3n digital y los juicios medi\u00e1ticos o la expansi\u00f3n de la legislaci\u00f3n simb\u00f3lica ser\u00edan, en suma, signos de un cambio cultural profundo que coloca al derecho penal en un lugar diferente al que se le asign\u00f3 hasta el cambio de siglo.<\/p>\n<p>[\/et_pb_text][et_pb_button button_url=&#8221;https:\/\/www.trotta.es\/libros\/los-medios-del-derecho-penal\/9788413643342\/&#8221; url_new_window=&#8221;on&#8221; button_text=&#8221;M\u00e1s Informaci\u00f3n&#8221; _builder_version=&#8221;4.17.4&#8243; _module_preset=&#8221;default&#8221; custom_button=&#8221;on&#8221; button_text_size=&#8221;14px&#8221; global_colors_info=&#8221;{}&#8221;][\/et_pb_button][\/et_pb_column][\/et_pb_row][et_pb_row column_structure=&#8221;1_2,1_2&#8243; make_equal=&#8221;on&#8221; _builder_version=&#8221;4.17.4&#8243; _module_preset=&#8221;default&#8221; background_enable_image=&#8221;off&#8221; background_size=&#8221;initial&#8221; custom_padding=&#8221;30px|||||&#8221; global_colors_info=&#8221;{}&#8221;][et_pb_column type=&#8221;1_2&#8243; _builder_version=&#8221;4.17.4&#8243; _module_preset=&#8221;default&#8221; global_colors_info=&#8221;{}&#8221;][et_pb_text _builder_version=&#8221;4.17.4&#8243; _module_preset=&#8221;default&#8221; global_colors_info=&#8221;{}&#8221;]<\/p>\n<h4><strong>Derecho penal trending topic<\/strong><br \/><strong>una semana de comunicaci\u00f3n sobre la ley y la justicia penal en la red social X (antes llamada Twitter)<\/strong><\/h4>\n<p><strong><\/strong><\/p>\n<p><span>#S\u00f3los\u00edess\u00ed, #jueces, #C\u00f3digopenal, #malversaci\u00f3n, #sedici\u00f3n, #puigdemont, #irenemontero, todas estas palabras fueron tendencia del 11 al 17 de noviembre de 2023; #lamanada, #seacab\u00f3, #rubiales, #amnist\u00eda o #lawfare lo fueron antes o despu\u00e9s de aquella fecha; y muchas otras m\u00e1s lo ser\u00e1n en el futuro. Lo que une a todas ellas es el hacer referencia directa o indirecta al Derecho y a la justicia penal, que en la \u00faltima d\u00e9cada se ha convertido en uno de los temas de discusi\u00f3n m\u00e1s habituales en la red social X, antes denominada Twitter. Pero \u00bfc\u00f3mo se comunica acerca de la ley y de la justicia penal en esta red social? \u00bfQui\u00e9n y c\u00f3mo lo hacen, y en qu\u00e9 es distinto el debate formal y material al que tiene lugar en otros \u00e1mbitos? \u00bfHay una polarizaci\u00f3n sobre las cuestiones penales en este \u00e1mbito? \u00bfHay discusi\u00f3n dogm\u00e1tica o pura gresca pol\u00edtica? \u00bfQu\u00e9 es lo que se dice sobre el Derecho penal, acerca de su creaci\u00f3n y de su aplicaci\u00f3n por parte de los tribunales por gran parte de los usuarios de esta red social?<\/span><\/p>\n<p>[\/et_pb_text][et_pb_button button_url=&#8221;https:\/\/www.marcialpons.es\/libros\/derecho-penal-trending-topic\/9788413817071\/&#8221; url_new_window=&#8221;on&#8221; button_text=&#8221;M\u00e1s Informaci\u00f3n&#8221; _builder_version=&#8221;4.17.4&#8243; _module_preset=&#8221;default&#8221; custom_button=&#8221;on&#8221; button_text_size=&#8221;14px&#8221; locked=&#8221;off&#8221; global_colors_info=&#8221;{}&#8221;][\/et_pb_button][\/et_pb_column][et_pb_column type=&#8221;1_2&#8243; _builder_version=&#8221;4.17.4&#8243; _module_preset=&#8221;default&#8221; background_image=&#8221;https:\/\/fakepenal.umh.es\/files\/2025\/11\/9788413817071.jpg&#8221; background_position=&#8221;top_right&#8221; background_horizontal_offset=&#8221;39%&#8221; background_vertical_offset=&#8221;-6%&#8221; background_blend=&#8221;multiply&#8221; link_option_url=&#8221;https:\/\/www.marcialpons.es\/libros\/derecho-penal-trending-topic\/9788413817071\/&#8221; box_shadow_style=&#8221;preset2&#8243; global_colors_info=&#8221;{}&#8221;][et_pb_text _builder_version=&#8221;4.17.4&#8243; _module_preset=&#8221;default&#8221; text_font=&#8221;Lato||||||||&#8221; text_text_color=&#8221;rgba(0,0,0,0)&#8221; text_font_size=&#8221;17px&#8221; text_line_height=&#8221;2.1em&#8221; header_font=&#8221;||||||||&#8221; header_3_font=&#8221;Didact Gothic||||||||&#8221; header_3_font_size=&#8221;24px&#8221; header_3_line_height=&#8221;1.4em&#8221; background_enable_image=&#8221;off&#8221; background_size=&#8221;contain&#8221; background_layout=&#8221;dark&#8221; max_width_tablet=&#8221;&#8221; max_width_phone=&#8221;100%&#8221; max_width_last_edited=&#8221;on|desktop&#8221; module_alignment=&#8221;right&#8221; min_height=&#8221;521px&#8221; custom_margin=&#8221;||-1px|||&#8221; custom_margin_phone=&#8221;|||0px&#8221; custom_margin_last_edited=&#8221;off|desktop&#8221; custom_padding=&#8221;166px|40px|5px|40px|false|true&#8221; custom_padding_tablet=&#8221;80px||&#8221; custom_padding_phone=&#8221;&#8221; custom_padding_last_edited=&#8221;on|desktop&#8221; animation_style=&#8221;zoom&#8221; animation_delay=&#8221;100ms&#8221; animation_intensity_zoom=&#8221;4%&#8221; link_option_url=&#8221;https:\/\/www.marcialpons.es\/libros\/derecho-penal-trending-topic\/9788413817071\/&#8221; link_option_url_new_window=&#8221;on&#8221; locked=&#8221;off&#8221; global_colors_info=&#8221;{}&#8221; text_text_color__hover_enabled=&#8221;on|hover&#8221; text_text_color__hover=&#8221;#ffffff&#8221; custom_padding__hover_enabled=&#8221;on|desktop&#8221; custom_padding__hover=&#8221;60px||60px||true|false&#8221; box_shadow_blur__hover_enabled=&#8221;on&#8221; box_shadow_blur__hover=&#8221;105px&#8221; box_shadow_vertical__hover_enabled=&#8221;on&#8221; box_shadow_vertical__hover=&#8221;32px&#8221; background__hover_enabled=&#8221;on|hover&#8221; use_background_color_gradient__hover=&#8221;on&#8221; background_color_gradient_stops__hover=&#8221;rgba(10,4,4,0.53) 0%|#242424 52%|#474747 99%&#8221;]<\/p>\n<p style=\"text-align: center\">\n<p style=\"text-align: center\">\n<p style=\"text-align: center\">\n<p style=\"text-align: center\">Mir\u00f3-Llinares, F., &amp; Aguerri, J. C. (Coords.). (2024). <strong>Derecho penal Trending Topic: La comunicaci\u00f3n sobre la ley penal y la justicia penal en la red social X (antes llamada Twitter)<\/strong>. Marcial Pons.<\/p>\n<p>[\/et_pb_text][\/et_pb_column][\/et_pb_row][et_pb_row column_structure=&#8221;1_2,1_2&#8243; make_equal=&#8221;on&#8221; _builder_version=&#8221;4.17.4&#8243; _module_preset=&#8221;default&#8221; background_enable_image=&#8221;off&#8221; background_size=&#8221;initial&#8221; custom_padding=&#8221;0px|||||&#8221; global_colors_info=&#8221;{}&#8221;][et_pb_column type=&#8221;1_2&#8243; _builder_version=&#8221;4.17.4&#8243; _module_preset=&#8221;default&#8221; background_image=&#8221;https:\/\/fakepenal.umh.es\/files\/2025\/11\/edition-139320.jpg&#8221; background_position=&#8221;top_center&#8221; background_blend=&#8221;multiply&#8221; link_option_url=&#8221;https:\/\/www.comares.com\/libro\/penado-pena-y-delito_147105\/&#8221; link_option_url_new_window=&#8221;on&#8221; box_shadow_style=&#8221;preset2&#8243; global_colors_info=&#8221;{}&#8221;][et_pb_text _builder_version=&#8221;4.17.4&#8243; _module_preset=&#8221;default&#8221; text_font=&#8221;Lato||||||||&#8221; text_text_color=&#8221;rgba(0,0,0,0)&#8221; text_font_size=&#8221;18px&#8221; text_line_height=&#8221;2.1em&#8221; header_font=&#8221;||||||||&#8221; header_3_font=&#8221;Didact Gothic||||||||&#8221; header_3_font_size=&#8221;24px&#8221; header_3_line_height=&#8221;1.4em&#8221; background_enable_image=&#8221;off&#8221; background_size=&#8221;contain&#8221; background_layout=&#8221;dark&#8221; max_width_tablet=&#8221;&#8221; max_width_phone=&#8221;100%&#8221; max_width_last_edited=&#8221;on|desktop&#8221; module_alignment=&#8221;right&#8221; min_height=&#8221;439px&#8221; custom_margin=&#8221;||1px|||&#8221; custom_margin_phone=&#8221;|||0px&#8221; custom_margin_last_edited=&#8221;off|desktop&#8221; custom_padding=&#8221;171px|40px|10px|40px|false|true&#8221; custom_padding_tablet=&#8221;80px||&#8221; custom_padding_phone=&#8221;&#8221; custom_padding_last_edited=&#8221;on|desktop&#8221; animation_style=&#8221;zoom&#8221; animation_delay=&#8221;100ms&#8221; animation_intensity_zoom=&#8221;4%&#8221; link_option_url_new_window=&#8221;on&#8221; locked=&#8221;off&#8221; global_colors_info=&#8221;{}&#8221; text_text_color__hover_enabled=&#8221;on|hover&#8221; text_text_color__hover=&#8221;#ffffff&#8221; custom_padding__hover_enabled=&#8221;on|desktop&#8221; custom_padding__hover=&#8221;60px||60px||true|false&#8221; box_shadow_blur__hover_enabled=&#8221;on&#8221; box_shadow_blur__hover=&#8221;105px&#8221; box_shadow_vertical__hover_enabled=&#8221;on&#8221; box_shadow_vertical__hover=&#8221;32px&#8221; background__hover_enabled=&#8221;on|hover&#8221; use_background_color_gradient__hover=&#8221;on&#8221; background_color_gradient_stops__hover=&#8221;rgba(10,4,4,0.53) 0%|#242424 52%|#474747 99%&#8221;]<\/p>\n<p style=\"text-align: center\">Guanarteme S\u00e1nchez L\u00e1zaro, F. (2023). <strong>Penado, pena y delito: Una aproximaci\u00f3n a las comprensiones punitivas de la poblaci\u00f3n penitenciaria.<\/strong> Editorial Comares.<\/p>\n<p>[\/et_pb_text][\/et_pb_column][et_pb_column type=&#8221;1_2&#8243; _builder_version=&#8221;4.17.4&#8243; _module_preset=&#8221;default&#8221; global_colors_info=&#8221;{}&#8221;][et_pb_text _builder_version=&#8221;4.17.4&#8243; _module_preset=&#8221;default&#8221; inline_fonts=&#8221;Abhaya Libre&#8221; global_colors_info=&#8221;{}&#8221;]<\/p>\n<h4 data-start=\"70\" data-end=\"399\"><span style=\"font-family: inherit;font-weight: normal\"><strong>PENADO, PENA Y DELITO<\/strong><\/span><br \/><span style=\"font-family: inherit;font-weight: normal\"><strong>Una aproximaci\u00f3n a las comprensiones punitivas de la poblaci\u00f3n penitenciaria<\/strong><\/span><\/h4>\n<p><span style=\"font-family: inherit;font-weight: normal\"><strong><\/strong><\/span><\/p>\n<p data-start=\"70\" data-end=\"399\">La obra analiza c\u00f3mo una parte de la ciudadan\u00eda, especialmente la poblaci\u00f3n penitenciaria, comprende el delito y la pena. Examina la recepci\u00f3n del mensaje punitivo en un sentido amplio, atendiendo tanto al hecho delictivo como a la consecuencia jur\u00eddica, y centr\u00e1ndose en quienes son los destinatarios directos de la norma penal.<\/p>\n<p data-start=\"401\" data-end=\"897\">El libro presenta una primera aproximaci\u00f3n a esta recepci\u00f3n desde tres \u00e1ngulos: la valoraci\u00f3n de la pena por quienes la cumplen, la percepci\u00f3n que tienen sobre otras sanciones previstas en el C\u00f3digo penal y la comprensi\u00f3n de los mensajes que transmiten el tipo penal y la pena entendidos como actos comunicativos. No pretende generalizar sus resultados a toda la poblaci\u00f3n penitenciaria, sino destacar la importancia de escuchar c\u00f3mo interpretan los propios destinatarios los mensajes normativos.<\/p>\n<p>[\/et_pb_text][et_pb_button button_url=&#8221;https:\/\/www.comares.com\/libro\/penado-pena-y-delito_147105\/&#8221; url_new_window=&#8221;on&#8221; button_text=&#8221;M\u00e1s Informaci\u00f3n&#8221; _builder_version=&#8221;4.17.4&#8243; _module_preset=&#8221;default&#8221; custom_button=&#8221;on&#8221; button_text_size=&#8221;14px&#8221; locked=&#8221;off&#8221; global_colors_info=&#8221;{}&#8221;][\/et_pb_button][\/et_pb_column][\/et_pb_row][\/et_pb_section][et_pb_section fb_built=&#8221;1&#8243; _builder_version=&#8221;4.17.4&#8243; _module_preset=&#8221;default&#8221; custom_padding=&#8221;1px|||||&#8221; global_colors_info=&#8221;{}&#8221;][et_pb_row _builder_version=&#8221;4.17.4&#8243; _module_preset=&#8221;default&#8221; custom_padding=&#8221;||27px|||&#8221; global_colors_info=&#8221;{}&#8221;][et_pb_column type=&#8221;4_4&#8243; _builder_version=&#8221;4.17.4&#8243; _module_preset=&#8221;default&#8221; global_colors_info=&#8221;{}&#8221;][et_pb_text _builder_version=&#8221;4.17.4&#8243; _module_preset=&#8221;default&#8221; text_font=&#8221;Lato||||||||&#8221; text_font_size=&#8221;20px&#8221; global_colors_info=&#8221;{}&#8221;]<\/p>\n<p>M\u00e1s publicaciones y resultados del proyecto:<\/p>\n<p>[\/et_pb_text][\/et_pb_column][\/et_pb_row][et_pb_row column_structure=&#8221;1_2,1_2&#8243; _builder_version=&#8221;4.17.4&#8243; _module_preset=&#8221;default&#8221; global_colors_info=&#8221;{}&#8221;][et_pb_column type=&#8221;1_2&#8243; _builder_version=&#8221;4.17.4&#8243; _module_preset=&#8221;default&#8221; global_colors_info=&#8221;{}&#8221;][et_pb_button button_url=&#8221;https:\/\/fakepenal.umh.es\/capitulos-de-libro_2\/&#8221; button_text=&#8221;CAP\u00cdTULOS DE LIBROS&#8221; button_alignment=&#8221;center&#8221; _builder_version=&#8221;4.17.4&#8243; _module_preset=&#8221;default&#8221; custom_button=&#8221;on&#8221; button_text_size=&#8221;28px&#8221; button_text_color=&#8221;#E02B20&#8243; hover_enabled=&#8221;0&#8243; global_colors_info=&#8221;{}&#8221; sticky_enabled=&#8221;0&#8243;][\/et_pb_button][\/et_pb_column][et_pb_column type=&#8221;1_2&#8243; _builder_version=&#8221;4.17.4&#8243; _module_preset=&#8221;default&#8221; global_colors_info=&#8221;{}&#8221;][et_pb_button button_url=&#8221;https:\/\/fakepenal.umh.es\/articulos-2\/&#8221; button_text=&#8221;ART\u00cdCULOS&#8221; button_alignment=&#8221;center&#8221; _builder_version=&#8221;4.17.4&#8243; _module_preset=&#8221;default&#8221; custom_button=&#8221;on&#8221; button_text_size=&#8221;28px&#8221; button_text_color=&#8221;#E02B20&#8243; hover_enabled=&#8221;0&#8243; global_colors_info=&#8221;{}&#8221; sticky_enabled=&#8221;0&#8243;][\/et_pb_button][\/et_pb_column][\/et_pb_row][\/et_pb_section]<\/p>\n","protected":false},"excerpt":{"rendered":"<p>LIBROS Cig\u00fcela Sola, J. (2025). Los medios del derecho penal: Pol\u00edtica, castigo y discurso penal en la era digital. Editorial Trotta.Los medios del derecho penalPol\u00edtica, castigo y discurso penal en la era digital Esta obra ofrece una lectura de la evoluci\u00f3n del derecho penal desde la \u00f3ptica de la teor\u00eda de medios y el an\u00e1lisis [&hellip;]<\/p>\n","protected":false},"author":26227,"featured_media":0,"parent":0,"menu_order":0,"comment_status":"closed","ping_status":"closed","template":"","meta":{"_et_pb_use_builder":"on","_et_pb_old_content":"","_et_gb_content_width":"","_links_to":"","_links_to_target":""},"_links":{"self":[{"href":"https:\/\/fakepenal.umh.es\/ca\/wp-json\/wp\/v2\/pages\/1294"}],"collection":[{"href":"https:\/\/fakepenal.umh.es\/ca\/wp-json\/wp\/v2\/pages"}],"about":[{"href":"https:\/\/fakepenal.umh.es\/ca\/wp-json\/wp\/v2\/types\/page"}],"author":[{"embeddable":true,"href":"https:\/\/fakepenal.umh.es\/ca\/wp-json\/wp\/v2\/users\/26227"}],"replies":[{"embeddable":true,"href":"https:\/\/fakepenal.umh.es\/ca\/wp-json\/wp\/v2\/comments?post=1294"}],"version-history":[{"count":0,"href":"https:\/\/fakepenal.umh.es\/ca\/wp-json\/wp\/v2\/pages\/1294\/revisions"}],"wp:attachment":[{"href":"https:\/\/fakepenal.umh.es\/ca\/wp-json\/wp\/v2\/media?parent=1294"}],"curies":[{"name":"wp","href":"https:\/\/api.w.org\/{rel}","templated":true}]}}